{"id":1683,"date":"2024-06-01T03:13:08","date_gmt":"2024-06-01T03:13:08","guid":{"rendered":"https:\/\/techsolaireinnovation.com\/?post_type=product&#038;p=1683"},"modified":"2026-03-19T09:33:45","modified_gmt":"2026-03-19T09:33:45","slug":"tech-solair-innovation-canadian-solar","status":"publish","type":"product","link":"https:\/\/techsolaireinnovation.com\/en\/product\/tech-solair-innovation-canadian-solar\/","title":{"rendered":"Tech Solair Innovation \u2013 Canadian Solar"},"content":{"rendered":"<h1>Tech Solair Innovation \u2013 Canadian Solar<\/h1>\n<p>Canadian Solar s&rsquo;engage \u00e0 fournir des produits solaires, des solutions de syst\u00e8mes solaires et des services de haute qualit\u00e9 aux clients du monde entier. Fournisseur de modules n\u00b01 pour la qualit\u00e9 et le rapport performance\/prix dans l&rsquo;enqu\u00eate IHS Module Customer Insight. En tant que principal d\u00e9veloppeur de projets photovolta\u00efques et fabricant de modules solaires, avec plus de 36 GW d\u00e9ploy\u00e9s dans le monde depuis 2001.<br \/>\nCaract\u00e9ristiques<\/p>\n<p>Plus de puissance \u2013 Jusqu&rsquo;\u00e0 30 % de puissance en plus par l&rsquo;arri\u00e8re. 24 % de puissance frontale en plus par rapport aux modules conventionnels. NMOT faible : 41 \u00b1 3 \u00b0C. Coefficient basse temp\u00e9rature (Pmax) : -0,37%\/\u00b0C. Meilleure tol\u00e9rance aux ombres. Meilleure tol\u00e9rance aux ombres.<\/p>\n<p>Fiabilit\u00e9 \u2013 Courant interne inf\u00e9rieur, temp\u00e9rature du point chaud inf\u00e9rieure. Minimise les microfissures et les traces d&rsquo;escargots. Forte charge de neige jusqu&rsquo;\u00e0 5400 Pa, charge de vent jusqu&rsquo;\u00e0 2400 Pa. Classe de feu A et Type 3 \/ Type 13.<\/p>","protected":false},"excerpt":{"rendered":"<p>Tech Solair Innovation \u2013 Canadian Solar<\/p>\n<p>Canadian Solar s&rsquo;engage \u00e0 fournir des produits solaires, des solutions de syst\u00e8mes solaires et des services de haute qualit\u00e9 aux clients du monde entier. Fournisseur de modules n\u00b01 pour la qualit\u00e9 et le rapport performance\/prix dans l&rsquo;enqu\u00eate IHS Module Customer Insight.<\/p>","protected":false},"featured_media":1684,"comment_status":"open","ping_status":"closed","template":"","meta":[],"product_cat":[27,32],"product_tag":[],"class_list":{"0":"post-1683","1":"product","2":"type-product","3":"status-publish","4":"has-post-thumbnail","6":"product_cat-photovoltaique-solaire","7":"product_cat-canadian-solar","9":"first","10":"instock","11":"shipping-taxable","12":"purchasable","13":"product-type-simple"},"_links":{"self":[{"href":"https:\/\/techsolaireinnovation.com\/en\/wp-json\/wp\/v2\/product\/1683","targetHints":{"allow":["GET"]}}],"collection":[{"href":"https:\/\/techsolaireinnovation.com\/en\/wp-json\/wp\/v2\/product"}],"about":[{"href":"https:\/\/techsolaireinnovation.com\/en\/wp-json\/wp\/v2\/types\/product"}],"replies":[{"embeddable":true,"href":"https:\/\/techsolaireinnovation.com\/en\/wp-json\/wp\/v2\/comments?post=1683"}],"wp:featuredmedia":[{"embeddable":true,"href":"https:\/\/techsolaireinnovation.com\/en\/wp-json\/wp\/v2\/media\/1684"}],"wp:attachment":[{"href":"https:\/\/techsolaireinnovation.com\/en\/wp-json\/wp\/v2\/media?parent=1683"}],"wp:term":[{"taxonomy":"product_cat","embeddable":true,"href":"https:\/\/techsolaireinnovation.com\/en\/wp-json\/wp\/v2\/product_cat?post=1683"},{"taxonomy":"product_tag","embeddable":true,"href":"https:\/\/techsolaireinnovation.com\/en\/wp-json\/wp\/v2\/product_tag?post=1683"}],"curies":[{"name":"wp","href":"https:\/\/api.w.org\/{rel}","templated":true}]}}