{"id":1681,"date":"2024-05-31T21:48:47","date_gmt":"2024-05-31T21:48:47","guid":{"rendered":"https:\/\/techsolaireinnovation.com\/?post_type=product&#038;p=1681"},"modified":"2024-06-04T08:42:37","modified_gmt":"2024-06-04T08:42:37","slug":"tech-solair-innovation-jinkosolar","status":"publish","type":"product","link":"https:\/\/techsolaireinnovation.com\/en\/product\/tech-solair-innovation-jinkosolar\/","title":{"rendered":"Tech Solair Innovation \u2013 JinkoSolar"},"content":{"rendered":"<h1>Tech Solair Innovation \u2013 JinkoSolar<\/h1>\n<p>Jinko Solar Co., Ltd. (appel\u00e9 \u00ab JinKo Solar \u00bb, NYSE : JKS) est un leader mondial de la technologie solaire, excellant dans la recherche, le d\u00e9veloppement et la fabrication int\u00e9gr\u00e9s de produits photovolta\u00efques.<\/p>\n<p>Desservant plus de 180 pays, l&rsquo;entreprise est \u00e0 la t\u00eate des ventes mondiales de photovolta\u00efques grand public et est pionni\u00e8re de \u00ab l&rsquo;int\u00e9gration verticale \u00bb dans la production. JinKo Solar poss\u00e8de 14 bases de fabrication mondialis\u00e9es.<\/p>\n<p>Fa\u00e7onnant activement les normes de l\u2019industrie, il contribue aux cadres internationaux et d\u00e9fend diverses applications de la technologie photovolta\u00efque.<\/p>","protected":false},"excerpt":{"rendered":"<p>Tech Solair Innovation \u2013 JinkoSolar<\/p>\n<p>Jinko Solar Co., Ltd. (appel\u00e9 \u00ab JinKo Solar \u00bb, NYSE : JKS) est un leader mondial de la technologie solaire, excellant dans la recherche, le d\u00e9veloppement et la fabrication int\u00e9gr\u00e9s de produits photovolta\u00efques.<\/p>","protected":false},"featured_media":1682,"comment_status":"open","ping_status":"closed","template":"","meta":[],"product_cat":[27,31],"product_tag":[],"class_list":{"0":"post-1681","1":"product","2":"type-product","3":"status-publish","4":"has-post-thumbnail","6":"product_cat-photovoltaique-solaire","7":"product_cat-jinkosolar","9":"first","10":"instock","11":"shipping-taxable","12":"purchasable","13":"product-type-simple"},"_links":{"self":[{"href":"https:\/\/techsolaireinnovation.com\/en\/wp-json\/wp\/v2\/product\/1681","targetHints":{"allow":["GET"]}}],"collection":[{"href":"https:\/\/techsolaireinnovation.com\/en\/wp-json\/wp\/v2\/product"}],"about":[{"href":"https:\/\/techsolaireinnovation.com\/en\/wp-json\/wp\/v2\/types\/product"}],"replies":[{"embeddable":true,"href":"https:\/\/techsolaireinnovation.com\/en\/wp-json\/wp\/v2\/comments?post=1681"}],"wp:featuredmedia":[{"embeddable":true,"href":"https:\/\/techsolaireinnovation.com\/en\/wp-json\/wp\/v2\/media\/1682"}],"wp:attachment":[{"href":"https:\/\/techsolaireinnovation.com\/en\/wp-json\/wp\/v2\/media?parent=1681"}],"wp:term":[{"taxonomy":"product_cat","embeddable":true,"href":"https:\/\/techsolaireinnovation.com\/en\/wp-json\/wp\/v2\/product_cat?post=1681"},{"taxonomy":"product_tag","embeddable":true,"href":"https:\/\/techsolaireinnovation.com\/en\/wp-json\/wp\/v2\/product_tag?post=1681"}],"curies":[{"name":"wp","href":"https:\/\/api.w.org\/{rel}","templated":true}]}}