{"id":1679,"date":"2024-05-31T21:39:42","date_gmt":"2024-05-31T21:39:42","guid":{"rendered":"https:\/\/techsolaireinnovation.com\/?post_type=product&#038;p=1679"},"modified":"2025-11-15T21:16:12","modified_gmt":"2025-11-15T21:16:12","slug":"tech-solair-innovation-ja-solar","status":"publish","type":"product","link":"https:\/\/techsolaireinnovation.com\/en\/product\/tech-solair-innovation-ja-solar\/","title":{"rendered":"Tech Solair Innovation \u2013 JA Solar"},"content":{"rendered":"<h1>Tech Solair Innovation \u2013 JA Solar<\/h1>\n<p>JA Solar a \u00e9t\u00e9 fond\u00e9e en 2005 et est aujourd&rsquo;hui mondialement reconnue comme l&rsquo;un des principaux fabricants de produits photovolta\u00efques hautes performances. Avec 12 bases de fabrication et plus de 20 succursales dans le monde, l\u2019activit\u00e9 de l\u2019entreprise couvre les plaquettes de silicium, les cellules, les modules et les centrales photovolta\u00efques. Les produits JA Solar sont disponibles dans 135 pays et sont largement utilis\u00e9s dans les centrales \u00e9lectriques au sol, les syst\u00e8mes photovolta\u00efques commerciaux et industriels sur les toits et les syst\u00e8mes photovolta\u00efques r\u00e9sidentiels sur les toits. La soci\u00e9t\u00e9 est cot\u00e9e au Fortune China 500 et au Global Top 500 New Energy Enterprises depuis plusieurs ann\u00e9es cons\u00e9cutives.<\/p>","protected":false},"excerpt":{"rendered":"<p>Tech Solair Innovation \u2013 JA Solar<\/p>\n<p>JA Solar a \u00e9t\u00e9 fond\u00e9e en 2005 et est aujourd&rsquo;hui mondialement reconnue comme l&rsquo;un des principaux fabricants de produits photovolta\u00efques hautes performances. Avec 12 bases de fabrication et plus de 20 succursales dans le monde, l\u2019activit\u00e9 de l\u2019entreprise couvre les plaquettes de silicium, les cellules, les modules et les centrales photovolta\u00efques. Les produits JA Solar sont disponibles dans 135 pays et sont largement utilis\u00e9s dans les centrales \u00e9lectriques au sol, les syst\u00e8mes photovolta\u00efques commerciaux et industriels sur les toits et les syst\u00e8mes photovolta\u00efques r\u00e9sidentiels sur les toits. La soci\u00e9t\u00e9 est cot\u00e9e au Fortune China 500 et au Global Top 500 New Energy Enterprises depuis plusieurs ann\u00e9es cons\u00e9cutives.<\/p>","protected":false},"featured_media":1680,"comment_status":"open","ping_status":"closed","template":"","meta":[],"product_cat":[27,29],"product_tag":[],"class_list":{"0":"post-1679","1":"product","2":"type-product","3":"status-publish","4":"has-post-thumbnail","6":"product_cat-photovoltaique-solaire","7":"product_cat-ja-solar","9":"first","10":"instock","11":"shipping-taxable","12":"purchasable","13":"product-type-simple"},"_links":{"self":[{"href":"https:\/\/techsolaireinnovation.com\/en\/wp-json\/wp\/v2\/product\/1679","targetHints":{"allow":["GET"]}}],"collection":[{"href":"https:\/\/techsolaireinnovation.com\/en\/wp-json\/wp\/v2\/product"}],"about":[{"href":"https:\/\/techsolaireinnovation.com\/en\/wp-json\/wp\/v2\/types\/product"}],"replies":[{"embeddable":true,"href":"https:\/\/techsolaireinnovation.com\/en\/wp-json\/wp\/v2\/comments?post=1679"}],"wp:featuredmedia":[{"embeddable":true,"href":"https:\/\/techsolaireinnovation.com\/en\/wp-json\/wp\/v2\/media\/1680"}],"wp:attachment":[{"href":"https:\/\/techsolaireinnovation.com\/en\/wp-json\/wp\/v2\/media?parent=1679"}],"wp:term":[{"taxonomy":"product_cat","embeddable":true,"href":"https:\/\/techsolaireinnovation.com\/en\/wp-json\/wp\/v2\/product_cat?post=1679"},{"taxonomy":"product_tag","embeddable":true,"href":"https:\/\/techsolaireinnovation.com\/en\/wp-json\/wp\/v2\/product_tag?post=1679"}],"curies":[{"name":"wp","href":"https:\/\/api.w.org\/{rel}","templated":true}]}}