{"id":1665,"date":"2024-05-31T17:41:17","date_gmt":"2024-05-31T17:41:17","guid":{"rendered":"https:\/\/techsolaireinnovation.com\/?post_type=product&#038;p=1665"},"modified":"2025-11-15T21:16:27","modified_gmt":"2025-11-15T21:16:27","slug":"tech-solair-innovation-trina-solar","status":"publish","type":"product","link":"https:\/\/techsolaireinnovation.com\/en\/product\/tech-solair-innovation-trina-solar\/","title":{"rendered":"Tech Solair Innovation \u2013 TRINA Solar"},"content":{"rendered":"<h1>Tech Solair Innovation \u2013 TRINA Solar<\/h1>\n<p>Avec technologie de cellule i-TOPCon \u00e0 double verre et de type N.<br \/>\nNotre double vitrage am\u00e9liore la durabilit\u00e9, la r\u00e9sistance au feu, les performances et la recyclabilit\u00e9. Associ\u00e9 \u00e0 notre nouvelle cellule i-TOPCon de type n, il s&rsquo;agit de la prochaine g\u00e9n\u00e9ration de panneaux solaires pour les projets r\u00e9sidentiels et commerciaux.<\/p>\n<p>Une incroyable garantie de puissance de 30 ans.<br \/>\nLa technologie i-TOPCon \u00e0 double verre et de type N nous permet d&rsquo;offrir une garantie de puissance de 30 ans et une garantie de produit de 25 ans.<\/p>\n<p>Il est \u00e9l\u00e9gant, facile \u00e0 installer et puissant.<br \/>\nLe Vertex S+ am\u00e9lior\u00e9 offre d&rsquo;excellentes performances de produit ainsi qu&rsquo;une esth\u00e9tique innovante et inspir\u00e9e du design.<br \/>\nParam\u00e8tres \u00e9lectriques :<br \/>\nTension de circuit ouvert : 53.4V<br \/>\nCourant de court-circuit : 10.77A<br \/>\nParam\u00e8tres m\u00e9caniques :<br \/>\nDimensions : 1762*1134*30mm<br \/>\nPoids : 21,0 kg<\/p>","protected":false},"excerpt":{"rendered":"<p>Tech Solair Innovation \u2013 TRINA Solar<\/p>\n<p>Notre double vitrage am\u00e9liore la durabilit\u00e9, la r\u00e9sistance au feu, les performances et la recyclabilit\u00e9. Associ\u00e9 \u00e0 notre nouvelle cellule i-TOPCon de type n, il s&rsquo;agit de la prochaine g\u00e9n\u00e9ration de panneaux solaires pour les projets r\u00e9sidentiels et commerciaux.<\/p>","protected":false},"featured_media":1668,"comment_status":"open","ping_status":"closed","template":"","meta":[],"product_cat":[27,30],"product_tag":[],"class_list":{"0":"post-1665","1":"product","2":"type-product","3":"status-publish","4":"has-post-thumbnail","6":"product_cat-photovoltaique-solaire","7":"product_cat-trina-solar","9":"first","10":"instock","11":"shipping-taxable","12":"purchasable","13":"product-type-simple"},"_links":{"self":[{"href":"https:\/\/techsolaireinnovation.com\/en\/wp-json\/wp\/v2\/product\/1665","targetHints":{"allow":["GET"]}}],"collection":[{"href":"https:\/\/techsolaireinnovation.com\/en\/wp-json\/wp\/v2\/product"}],"about":[{"href":"https:\/\/techsolaireinnovation.com\/en\/wp-json\/wp\/v2\/types\/product"}],"replies":[{"embeddable":true,"href":"https:\/\/techsolaireinnovation.com\/en\/wp-json\/wp\/v2\/comments?post=1665"}],"wp:featuredmedia":[{"embeddable":true,"href":"https:\/\/techsolaireinnovation.com\/en\/wp-json\/wp\/v2\/media\/1668"}],"wp:attachment":[{"href":"https:\/\/techsolaireinnovation.com\/en\/wp-json\/wp\/v2\/media?parent=1665"}],"wp:term":[{"taxonomy":"product_cat","embeddable":true,"href":"https:\/\/techsolaireinnovation.com\/en\/wp-json\/wp\/v2\/product_cat?post=1665"},{"taxonomy":"product_tag","embeddable":true,"href":"https:\/\/techsolaireinnovation.com\/en\/wp-json\/wp\/v2\/product_tag?post=1665"}],"curies":[{"name":"wp","href":"https:\/\/api.w.org\/{rel}","templated":true}]}}